{"id":3957,"date":"2022-09-22T10:28:04","date_gmt":"2022-09-22T10:28:04","guid":{"rendered":"https:\/\/edsweb.co.in\/idioma\/?page_id=1840"},"modified":"2023-08-29T20:48:10","modified_gmt":"2023-08-29T20:48:10","slug":"resources","status":"publish","type":"page","link":"https:\/\/www4.idioma.com\/sv\/resurser","title":{"rendered":"Resurser"},"content":{"rendered":"<div data-elementor-type=\"wp-page\" data-elementor-id=\"3957\" class=\"elementor elementor-3957\">\n\t\t\t\t\t\t\t\t\t<section class=\"elementor-section elementor-top-section elementor-element elementor-element-5ed4f32 elementor-section-boxed elementor-section-height-default elementor-section-height-default\" data-id=\"5ed4f32\" data-element_type=\"section\" data-settings=\"{&quot;background_background&quot;:&quot;classic&quot;}\">\n\t\t\t\t\t\t<div class=\"elementor-container elementor-column-gap-default\">\n\t\t\t\t\t<div class=\"elementor-column elementor-col-50 elementor-top-column elementor-element elementor-element-34199ba\" data-id=\"34199ba\" data-element_type=\"column\">\n\t\t\t<div class=\"elementor-widget-wrap elementor-element-populated\">\n\t\t\t\t\t\t\t\t<div class=\"elementor-element elementor-element-ef3d230 elementor-widget elementor-widget-heading\" data-id=\"ef3d230\" data-element_type=\"widget\" data-widget_type=\"heading.default\">\n\t\t\t\t<div class=\"elementor-widget-container\">\n\t\t\t<style>\/*! elementor - v3.14.0 - 26-06-2023 *\/\n.elementor-heading-title{padding:0;margin:0;line-height:1}.elementor-widget-heading .elementor-heading-title[class*=elementor-size-]>a{color:inherit;font-size:inherit;line-height:inherit}.elementor-widget-heading .elementor-heading-title.elementor-size-small{font-size:15px}.elementor-widget-heading .elementor-heading-title.elementor-size-medium{font-size:19px}.elementor-widget-heading .elementor-heading-title.elementor-size-large{font-size:29px}.elementor-widget-heading .elementor-heading-title.elementor-size-xl{font-size:39px}.elementor-widget-heading .elementor-heading-title.elementor-size-xxl{font-size:59px}<\/style><h1 class=\"elementor-heading-title elementor-size-default\">Resurser<\/h1>\t\t<\/div>\n\t\t\t\t<\/div>\n\t\t\t\t<div class=\"elementor-element elementor-element-193be58 elementor-widget elementor-widget-text-editor\" data-id=\"193be58\" data-element_type=\"widget\" data-widget_type=\"text-editor.default\">\n\t\t\t\t<div class=\"elementor-widget-container\">\n\t\t\t<style>\/*! elementor - v3.14.0 - 26-06-2023 *\/\n.elementor-widget-text-editor.elementor-drop-cap-view-stacked .elementor-drop-cap{background-color:#69727d;color:#fff}.elementor-widget-text-editor.elementor-drop-cap-view-framed .elementor-drop-cap{color:#69727d;border:3px solid;background-color:transparent}.elementor-widget-text-editor:not(.elementor-drop-cap-view-default) .elementor-drop-cap{margin-top:8px}.elementor-widget-text-editor:not(.elementor-drop-cap-view-default) .elementor-drop-cap-letter{width:1em;height:1em}.elementor-widget-text-editor .elementor-drop-cap{float:left;text-align:center;line-height:1;font-size:50px}.elementor-widget-text-editor .elementor-drop-cap-letter{display:inline-block}<\/style>\t\t\t\t<p>Exakt \u00f6vers\u00e4ttning och lokalisering \u00e4r viktigt om du vill v\u00e4xa som ett globalt f\u00f6retag. Uppt\u00e4ck din potential och uppn\u00e5 dina aff\u00e4rsm\u00e5l med avancerad\u00a0<strong><a href=\"https:\/\/www4.idioma.com\/sv\/teknisk-oversattning\/\"><span style=\"color: white;\">tekniska \u00f6vers\u00e4ttningstj\u00e4nster<\/span><\/a><\/strong>. L\u00e4r dig mer med v\u00e5ra resurser.<\/p>\t\t\t\t\t\t<\/div>\n\t\t\t\t<\/div>\n\t\t\t\t<div class=\"elementor-element elementor-element-07e6ede elementor-align-left elementor-widget elementor-widget-button\" data-id=\"07e6ede\" data-element_type=\"widget\" data-widget_type=\"button.default\">\n\t\t\t\t<div class=\"elementor-widget-container\">\n\t\t\t\t\t<div class=\"elementor-button-wrapper\">\n\t\t\t<a class=\"elementor-button elementor-button-link elementor-size-sm\" href=\"https:\/\/tc6.idioma.com\/client-portal\/estimates\/new\">\n\t\t\t\t\t\t<span class=\"elementor-button-content-wrapper\">\n\t\t\t\t\t\t<span class=\"elementor-button-text\">Best\u00e4ll \u00f6vers\u00e4ttning<\/span>\n\t\t<\/span>\n\t\t\t\t\t<\/a>\n\t\t<\/div>\n\t\t\t\t<\/div>\n\t\t\t\t<\/div>\n\t\t\t\t\t<\/div>\n\t\t<\/div>\n\t\t\t\t<div class=\"elementor-column elementor-col-50 elementor-top-column elementor-element elementor-element-2428387\" data-id=\"2428387\" data-element_type=\"column\">\n\t\t\t<div class=\"elementor-widget-wrap elementor-element-populated\">\n\t\t\t\t\t\t\t\t<div class=\"elementor-element elementor-element-1adcf27 elementor-widget elementor-widget-image\" data-id=\"1adcf27\" data-element_type=\"widget\" data-widget_type=\"image.default\">\n\t\t\t\t<div class=\"elementor-widget-container\">\n\t\t\t<style>\/*! elementor - v3.14.0 - 26-06-2023 *\/\n.elementor-widget-image{text-align:center}.elementor-widget-image a{display:inline-block}.elementor-widget-image a img[src$=\".svg\"]{width:48px}.elementor-widget-image img{vertical-align:middle;display:inline-block}<\/style>\t\t\t\t\t\t\t\t\t\t\t\t<img decoding=\"async\" src=\"https:\/\/www4.idioma.com\/wp-content\/uploads\/2022\/09\/undraw_design_notes_8dmv.svg\" title=\"undraw_design_notes_8dmv\" alt=\"undraw_design_notes_8dmv\" loading=\"lazy\" \/>\t\t\t\t\t\t\t\t\t\t\t\t\t\t\t<\/div>\n\t\t\t\t<\/div>\n\t\t\t\t\t<\/div>\n\t\t<\/div>\n\t\t\t\t\t\t\t<\/div>\n\t\t<\/section>\n\t\t\t\t<section class=\"elementor-section elementor-top-section elementor-element elementor-element-ce7b61b elementor-section-boxed elementor-section-height-default elementor-section-height-default\" data-id=\"ce7b61b\" data-element_type=\"section\">\n\t\t\t\t\t\t<div class=\"elementor-container elementor-column-gap-default\">\n\t\t\t\t\t<div class=\"elementor-column elementor-col-100 elementor-top-column elementor-element elementor-element-52b557d\" data-id=\"52b557d\" data-element_type=\"column\">\n\t\t\t<div class=\"elementor-widget-wrap elementor-element-populated\">\n\t\t\t\t\t\t\t\t<div class=\"elementor-element elementor-element-fec532c elementor-widget elementor-widget-heading\" data-id=\"fec532c\" data-element_type=\"widget\" data-widget_type=\"heading.default\">\n\t\t\t\t<div class=\"elementor-widget-container\">\n\t\t\t<h2 class=\"elementor-heading-title elementor-size-default\">Resurser f\u00f6r nedladdning<\/h2>\t\t<\/div>\n\t\t\t\t<\/div>\n\t\t\t\t\t<\/div>\n\t\t<\/div>\n\t\t\t\t\t\t\t<\/div>\n\t\t<\/section>\n\t\t\t\t<section class=\"elementor-section elementor-top-section elementor-element elementor-element-239086b elementor-section-boxed elementor-section-height-default elementor-section-height-default\" data-id=\"239086b\" data-element_type=\"section\" data-settings=\"{&quot;background_background&quot;:&quot;classic&quot;}\">\n\t\t\t\t\t\t<div class=\"elementor-container elementor-column-gap-default\">\n\t\t\t\t\t<div class=\"elementor-column elementor-col-33 elementor-top-column elementor-element elementor-element-766ed8c\" data-id=\"766ed8c\" data-element_type=\"column\" data-settings=\"{&quot;background_background&quot;:&quot;classic&quot;}\">\n\t\t\t<div class=\"elementor-widget-wrap elementor-element-populated\">\n\t\t\t\t\t\t\t\t<div class=\"elementor-element elementor-element-8b44080 elementor-widget elementor-widget-heading\" data-id=\"8b44080\" data-element_type=\"widget\" data-widget_type=\"heading.default\">\n\t\t\t\t<div class=\"elementor-widget-container\">\n\t\t\t<h4 class=\"elementor-heading-title elementor-size-default translation-block\">idioma 40th Anniversary<br> edition<\/h4>\t\t<\/div>\n\t\t\t\t<\/div>\n\t\t\t\t<div class=\"elementor-element elementor-element-b78f4d5 elementor-widget elementor-widget-image\" data-id=\"b78f4d5\" data-element_type=\"widget\" data-widget_type=\"image.default\">\n\t\t\t\t<div class=\"elementor-widget-container\">\n\t\t\t\t\t\t\t\t\t\t\t\t\t\t\t\t<a href=\"https:\/\/edsweb.co.in\/idioma\/wp-content\/uploads\/2022\/09\/idioma_40th_EN.pdf\">\n\t\t\t\t\t\t\t<img loading=\"lazy\" decoding=\"async\" width=\"200\" height=\"283\" src=\"https:\/\/www4.idioma.com\/wp-content\/uploads\/2022\/09\/1.png\" class=\"attachment-large size-large wp-image-1878\" alt=\"\" \/>\t\t\t\t\t\t\t\t<\/a>\n\t\t\t\t\t\t\t\t\t\t\t\t\t\t\t<\/div>\n\t\t\t\t<\/div>\n\t\t\t\t<div class=\"elementor-element elementor-element-ad774cc elementor-widget elementor-widget-text-editor\" data-id=\"ad774cc\" data-element_type=\"widget\" data-widget_type=\"text-editor.default\">\n\t\t\t\t<div class=\"elementor-widget-container\">\n\t\t\t\t\t\t\t<p>F\u00f6r att fira v\u00e5rt 40-\u00e5rsjubileum har vi gjort om v\u00e5r webbplats helt och h\u00e5llet f\u00f6r att st\u00f6dja nya arbetsstilar och trender i AI-eran.<br><\/p>\t\t\t\t\t\t<\/div>\n\t\t\t\t<\/div>\n\t\t\t\t<div class=\"elementor-element elementor-element-f5815a6 elementor-align-center elementor-widget elementor-widget-button\" data-id=\"f5815a6\" data-element_type=\"widget\" data-widget_type=\"button.default\">\n\t\t\t\t<div class=\"elementor-widget-container\">\n\t\t\t\t\t<div class=\"elementor-button-wrapper\">\n\t\t\t<a class=\"elementor-button elementor-button-link elementor-size-sm\" href=\"https:\/\/idioma.com\/brochures\/idioma_40th_EN.pdf\">\n\t\t\t\t\t\t<span class=\"elementor-button-content-wrapper\">\n\t\t\t\t\t\t<span class=\"elementor-button-text\">Download<\/span>\n\t\t<\/span>\n\t\t\t\t\t<\/a>\n\t\t<\/div>\n\t\t\t\t<\/div>\n\t\t\t\t<\/div>\n\t\t\t\t\t<\/div>\n\t\t<\/div>\n\t\t\t\t<div class=\"elementor-column elementor-col-33 elementor-top-column elementor-element elementor-element-1b911dd\" data-id=\"1b911dd\" data-element_type=\"column\" data-settings=\"{&quot;background_background&quot;:&quot;classic&quot;}\">\n\t\t\t<div class=\"elementor-widget-wrap elementor-element-populated\">\n\t\t\t\t\t\t\t\t<div class=\"elementor-element elementor-element-14deeed elementor-widget elementor-widget-heading\" data-id=\"14deeed\" data-element_type=\"widget\" data-widget_type=\"heading.default\">\n\t\t\t\t<div class=\"elementor-widget-container\">\n\t\t\t<h4 class=\"elementor-heading-title elementor-size-default\">Din privata NMT-l\u00f6sning<\/h4>\t\t<\/div>\n\t\t\t\t<\/div>\n\t\t\t\t<div class=\"elementor-element elementor-element-b115c10 elementor-widget elementor-widget-image\" data-id=\"b115c10\" data-element_type=\"widget\" data-widget_type=\"image.default\">\n\t\t\t\t<div class=\"elementor-widget-container\">\n\t\t\t\t\t\t\t\t\t\t\t\t\t\t\t\t<a href=\"https:\/\/edsweb.co.in\/idioma\/wp-content\/uploads\/2022\/09\/Your_Private_NMT_solution_by_idioma_EN.pdf\">\n\t\t\t\t\t\t\t<img loading=\"lazy\" decoding=\"async\" width=\"200\" height=\"283\" src=\"https:\/\/www4.idioma.com\/wp-content\/uploads\/2022\/09\/2.png\" class=\"attachment-large size-large wp-image-1879\" alt=\"\" \/>\t\t\t\t\t\t\t\t<\/a>\n\t\t\t\t\t\t\t\t\t\t\t\t\t\t\t<\/div>\n\t\t\t\t<\/div>\n\t\t\t\t<div class=\"elementor-element elementor-element-620238f elementor-widget elementor-widget-text-editor\" data-id=\"620238f\" data-element_type=\"widget\" data-widget_type=\"text-editor.default\">\n\t\t\t\t<div class=\"elementor-widget-container\">\n\t\t\t\t\t\t\t<p>Cut translation costs by switching to smarter Post-Editing of neural machine-translated text. Translate more in less time and get guaranteed high quality. This process is ISO 9001-certified. Our NMT + PE process fully complies with our ISO 18587:2017 certification.<\/p>\n<p>Since 2017, idioma\u00ae offers an affordable Neural Machine Translation + Post-Editing Service. We currently offer neural custom training of existing memories.<\/p>\t\t\t\t\t\t<\/div>\n\t\t\t\t<\/div>\n\t\t\t\t<div class=\"elementor-element elementor-element-0cdb912 elementor-align-center elementor-widget elementor-widget-button\" data-id=\"0cdb912\" data-element_type=\"widget\" data-widget_type=\"button.default\">\n\t\t\t\t<div class=\"elementor-widget-container\">\n\t\t\t\t\t<div class=\"elementor-button-wrapper\">\n\t\t\t<a class=\"elementor-button elementor-button-link elementor-size-sm\" href=\"https:\/\/idioma.com\/brochures\/Your_Private_NMT_solution_by_idioma_EN.pdf\">\n\t\t\t\t\t\t<span class=\"elementor-button-content-wrapper\">\n\t\t\t\t\t\t<span class=\"elementor-button-text\">Download<\/span>\n\t\t<\/span>\n\t\t\t\t\t<\/a>\n\t\t<\/div>\n\t\t\t\t<\/div>\n\t\t\t\t<\/div>\n\t\t\t\t\t<\/div>\n\t\t<\/div>\n\t\t\t\t<div class=\"elementor-column elementor-col-33 elementor-top-column elementor-element elementor-element-3598fac\" data-id=\"3598fac\" data-element_type=\"column\" data-settings=\"{&quot;background_background&quot;:&quot;classic&quot;}\">\n\t\t\t<div class=\"elementor-widget-wrap elementor-element-populated\">\n\t\t\t\t\t\t\t\t<div class=\"elementor-element elementor-element-e1057df elementor-widget elementor-widget-heading\" data-id=\"e1057df\" data-element_type=\"widget\" data-widget_type=\"heading.default\">\n\t\t\t\t<div class=\"elementor-widget-container\">\n\t\t\t<h4 class=\"elementor-heading-title elementor-size-default\">CrossCheck\u00ae (QA-tj\u00e4nst f\u00f6r tv\u00e5spr\u00e5kiga filer)<\/h4>\t\t<\/div>\n\t\t\t\t<\/div>\n\t\t\t\t<div class=\"elementor-element elementor-element-dcfa359 elementor-widget elementor-widget-image\" data-id=\"dcfa359\" data-element_type=\"widget\" data-widget_type=\"image.default\">\n\t\t\t\t<div class=\"elementor-widget-container\">\n\t\t\t\t\t\t\t\t\t\t\t\t\t\t\t\t<a href=\"https:\/\/edsweb.co.in\/idioma\/wp-content\/uploads\/2022\/09\/CrossCheck_Flyer_en.pdf\">\n\t\t\t\t\t\t\t<img loading=\"lazy\" decoding=\"async\" width=\"200\" height=\"283\" src=\"https:\/\/www4.idioma.com\/wp-content\/uploads\/2022\/09\/3.png\" class=\"attachment-large size-large wp-image-1880\" alt=\"\" \/>\t\t\t\t\t\t\t\t<\/a>\n\t\t\t\t\t\t\t\t\t\t\t\t\t\t\t<\/div>\n\t\t\t\t<\/div>\n\t\t\t\t<div class=\"elementor-element elementor-element-09666c1 elementor-widget elementor-widget-text-editor\" data-id=\"09666c1\" data-element_type=\"widget\" data-widget_type=\"text-editor.default\">\n\t\t\t\t<div class=\"elementor-widget-container\">\n\t\t\t\t\t\t\t<p>F\u00e5 omedelbart en rapport om \u00f6vers\u00e4ttningsfel f\u00f6r att kontrollera och h\u00f6ja \u00f6vers\u00e4ttningskvaliteten. Skicka in dina tv\u00e5spr\u00e5kiga filer och best\u00e4ll korrigeringar till professionella modersm\u00e5ls\u00f6vers\u00e4ttare. Upplev CrossCheck\u00ae - en omfattande kvalitetss\u00e4kringsprocess.<\/p><p>F\u00f6r varje kontrollerat projekt kan ett sigill utf\u00e4rdas som g\u00f6r det m\u00f6jligt f\u00f6r dig och andra att snabbt\nsnabbt se och verifiera de utf\u00f6rda kontrollerna och det slutliga resultatet. N\u00e4r du f\u00e5r en f\u00f6rsegling\nmed ett projekt kan du vara s\u00e4ker p\u00e5 att projektet har kvalitetss\u00e4krats. Be alla\ndina samarbetspartners att anv\u00e4nda CrossCheck\u00ae n\u00e4r de \u00f6vers\u00e4tter \u00e5t dig och levererar sigill\ntill dig - ist\u00e4llet f\u00f6r att du ska beh\u00f6va g\u00f6ra QA-arbetet sj\u00e4lv.<br><\/p>\t\t\t\t\t\t<\/div>\n\t\t\t\t<\/div>\n\t\t\t\t<div class=\"elementor-element elementor-element-2b1da06 elementor-align-center elementor-widget elementor-widget-button\" data-id=\"2b1da06\" data-element_type=\"widget\" data-widget_type=\"button.default\">\n\t\t\t\t<div class=\"elementor-widget-container\">\n\t\t\t\t\t<div class=\"elementor-button-wrapper\">\n\t\t\t<a class=\"elementor-button elementor-button-link elementor-size-sm\" href=\"https:\/\/idioma.com\/brochures\/CrossCheck_Flyer_en.pdf\">\n\t\t\t\t\t\t<span class=\"elementor-button-content-wrapper\">\n\t\t\t\t\t\t<span class=\"elementor-button-text\">Download<\/span>\n\t\t<\/span>\n\t\t\t\t\t<\/a>\n\t\t<\/div>\n\t\t\t\t<\/div>\n\t\t\t\t<\/div>\n\t\t\t\t\t<\/div>\n\t\t<\/div>\n\t\t\t\t\t\t\t<\/div>\n\t\t<\/section>\n\t\t\t\t\t\t\t<\/div>","protected":false},"excerpt":{"rendered":"<p>Resources Precise translation and localization matters if you aspire to grow as a global company. Discover your potential\u00a0and achieve your business goals with advanced\u00a0technical translation services. Learn more with our resources. Order Translation Resources For &hellip;<\/p>\n<p class=\"read-more\"> <a class=\"\" href=\"https:\/\/www4.idioma.com\/sv\/resurser\"> <span class=\"screen-reader-text\">Resurser<\/span> Read More \u00bb<\/a><\/p>","protected":false},"author":1,"featured_media":0,"parent":0,"menu_order":0,"comment_status":"closed","ping_status":"closed","template":"elementor_header_footer","meta":{"site-sidebar-layout":"no-sidebar","site-content-layout":"page-builder","ast-global-header-display":"","ast-banner-title-visibility":"","ast-main-header-display":"","ast-hfb-above-header-display":"","ast-hfb-below-header-display":"","ast-hfb-mobile-header-display":"","site-post-title":"disabled","ast-breadcrumbs-content":"","ast-featured-img":"disabled","footer-sml-layout":"","theme-transparent-header-meta":"default","adv-header-id-meta":"","stick-header-meta":"","header-above-stick-meta":"","header-main-stick-meta":"","header-below-stick-meta":"","footnotes":""},"class_list":["post-3957","page","type-page","status-publish","hentry"],"yoast_head":"<!-- This site is optimized with the Yoast SEO plugin v20.11 - https:\/\/yoast.com\/wordpress\/plugins\/seo\/ -->\n<title>Resources | \u00ae<\/title>\n<meta name=\"description\" content=\"Discover your potential and achieve your business goals with advanced technical translation services. Learn more with our resources.\" \/>\n<meta name=\"robots\" content=\"index, follow, max-snippet:-1, max-image-preview:large, max-video-preview:-1\" \/>\n<link rel=\"canonical\" href=\"https:\/\/www4.idioma.com\/sv\/\u8cc7\u6e90\/\" \/>\n<meta property=\"og:locale\" content=\"sv_SE\" \/>\n<meta property=\"og:type\" content=\"article\" \/>\n<meta property=\"og:title\" content=\"Resources | \u00ae\" \/>\n<meta property=\"og:description\" content=\"Discover your potential and achieve your business goals with advanced technical translation services. Learn more with our resources.\" \/>\n<meta property=\"og:url\" content=\"https:\/\/www4.idioma.com\/sv\/\u8cc7\u6e90\/\" \/>\n<meta property=\"article:modified_time\" content=\"2023-08-29T20:48:10+00:00\" \/>\n<meta property=\"og:image\" content=\"https:\/\/www4.idioma.com\/wp-content\/uploads\/2022\/09\/undraw_design_notes_8dmv.svg\" \/>\n<meta name=\"twitter:card\" content=\"summary_large_image\" \/>\n<meta name=\"twitter:label1\" content=\"Ber\u00e4knad l\u00e4stid\" \/>\n\t<meta name=\"twitter:data1\" content=\"2 minuter\" \/>\n<script type=\"application\/ld+json\" class=\"yoast-schema-graph\">{\"@context\":\"https:\/\/schema.org\",\"@graph\":[{\"@type\":\"WebPage\",\"@id\":\"https:\/\/www4.idioma.com\/ja\/%e8%b3%87%e6%ba%90\",\"url\":\"https:\/\/www4.idioma.com\/ja\/%e8%b3%87%e6%ba%90\",\"name\":\"Resources | \u00ae\",\"isPartOf\":{\"@id\":\"https:\/\/www4.idioma.com\/sv\/#website\"},\"datePublished\":\"2022-09-22T10:28:04+00:00\",\"dateModified\":\"2023-08-29T20:48:10+00:00\",\"description\":\"Discover your potential and achieve your business goals with advanced technical translation services. Learn more with our resources.\",\"breadcrumb\":{\"@id\":\"https:\/\/www4.idioma.com\/ja\/%e8%b3%87%e6%ba%90#breadcrumb\"},\"inLanguage\":\"sv-SE\",\"potentialAction\":[{\"@type\":\"ReadAction\",\"target\":[\"https:\/\/www4.idioma.com\/ja\/%e8%b3%87%e6%ba%90\"]}]},{\"@type\":\"BreadcrumbList\",\"@id\":\"https:\/\/www4.idioma.com\/ja\/%e8%b3%87%e6%ba%90#breadcrumb\",\"itemListElement\":[{\"@type\":\"ListItem\",\"position\":1,\"name\":\"Home\",\"item\":\"https:\/\/www4.idioma.com\/sv\/\"},{\"@type\":\"ListItem\",\"position\":2,\"name\":\"Resources\"}]},{\"@type\":\"WebSite\",\"@id\":\"https:\/\/www4.idioma.com\/sv\/#website\",\"url\":\"https:\/\/www4.idioma.com\/sv\/\",\"name\":\"\",\"description\":\"translate\",\"alternateName\":\"idioma\",\"potentialAction\":[{\"@type\":\"SearchAction\",\"target\":{\"@type\":\"EntryPoint\",\"urlTemplate\":\"https:\/\/www4.idioma.com\/sv\/?s={search_term_string}\"},\"query-input\":\"required name=search_term_string\"}],\"inLanguage\":\"sv-SE\"}]}<\/script>\n<!-- \/ Yoast SEO plugin. -->","yoast_head_json":{"title":"Resources | \u00ae","description":"Discover your potential and achieve your business goals with advanced technical translation services. Learn more with our resources.","robots":{"index":"index","follow":"follow","max-snippet":"max-snippet:-1","max-image-preview":"max-image-preview:large","max-video-preview":"max-video-preview:-1"},"canonical":"https:\/\/www4.idioma.com\/sv\/\u8cc7\u6e90\/","og_locale":"sv_SE","og_type":"article","og_title":"Resources | \u00ae","og_description":"Discover your potential and achieve your business goals with advanced technical translation services. Learn more with our resources.","og_url":"https:\/\/www4.idioma.com\/sv\/\u8cc7\u6e90\/","article_modified_time":"2023-08-29T20:48:10+00:00","og_image":[{"url":"https:\/\/www4.idioma.com\/wp-content\/uploads\/2022\/09\/undraw_design_notes_8dmv.svg"}],"twitter_card":"summary_large_image","twitter_misc":{"Ber\u00e4knad l\u00e4stid":"2 minuter"},"schema":{"@context":"https:\/\/schema.org","@graph":[{"@type":"WebPage","@id":"https:\/\/www4.idioma.com\/ja\/%e8%b3%87%e6%ba%90","url":"https:\/\/www4.idioma.com\/ja\/%e8%b3%87%e6%ba%90","name":"Resources | \u00ae","isPartOf":{"@id":"https:\/\/www4.idioma.com\/sv\/#website"},"datePublished":"2022-09-22T10:28:04+00:00","dateModified":"2023-08-29T20:48:10+00:00","description":"Discover your potential and achieve your business goals with advanced technical translation services. Learn more with our resources.","breadcrumb":{"@id":"https:\/\/www4.idioma.com\/ja\/%e8%b3%87%e6%ba%90#breadcrumb"},"inLanguage":"sv-SE","potentialAction":[{"@type":"ReadAction","target":["https:\/\/www4.idioma.com\/ja\/%e8%b3%87%e6%ba%90"]}]},{"@type":"BreadcrumbList","@id":"https:\/\/www4.idioma.com\/ja\/%e8%b3%87%e6%ba%90#breadcrumb","itemListElement":[{"@type":"ListItem","position":1,"name":"Home","item":"https:\/\/www4.idioma.com\/sv\/"},{"@type":"ListItem","position":2,"name":"Resources"}]},{"@type":"WebSite","@id":"https:\/\/www4.idioma.com\/sv\/#website","url":"https:\/\/www4.idioma.com\/sv\/","name":"","description":"translate","alternateName":"idioma","potentialAction":[{"@type":"SearchAction","target":{"@type":"EntryPoint","urlTemplate":"https:\/\/www4.idioma.com\/sv\/?s={search_term_string}"},"query-input":"required name=search_term_string"}],"inLanguage":"sv-SE"}]}},"_links":{"self":[{"href":"https:\/\/www4.idioma.com\/sv\/wp-json\/wp\/v2\/pages\/3957","targetHints":{"allow":["GET"]}}],"collection":[{"href":"https:\/\/www4.idioma.com\/sv\/wp-json\/wp\/v2\/pages"}],"about":[{"href":"https:\/\/www4.idioma.com\/sv\/wp-json\/wp\/v2\/types\/page"}],"author":[{"embeddable":true,"href":"https:\/\/www4.idioma.com\/sv\/wp-json\/wp\/v2\/users\/1"}],"replies":[{"embeddable":true,"href":"https:\/\/www4.idioma.com\/sv\/wp-json\/wp\/v2\/comments?post=3957"}],"version-history":[{"count":33,"href":"https:\/\/www4.idioma.com\/sv\/wp-json\/wp\/v2\/pages\/3957\/revisions"}],"predecessor-version":[{"id":6473,"href":"https:\/\/www4.idioma.com\/sv\/wp-json\/wp\/v2\/pages\/3957\/revisions\/6473"}],"wp:attachment":[{"href":"https:\/\/www4.idioma.com\/sv\/wp-json\/wp\/v2\/media?parent=3957"}],"curies":[{"name":"wp","href":"https:\/\/api.w.org\/{rel}","templated":true}]}}